{"id":818,"date":"2026-04-19T18:17:30","date_gmt":"2026-04-19T18:17:30","guid":{"rendered":"https:\/\/monpettito.articagency.net\/motocicleta-combinable-con-605802-183-pzas-immaster\/"},"modified":"2026-04-19T18:17:37","modified_gmt":"2026-04-19T18:17:37","slug":"motocicleta-combinable-con-605802-183-pzas-immaster","status":"publish","type":"product","link":"https:\/\/monpettito.articagency.net\/gl\/motocicleta-combinable-con-605802-183-pzas-immaster\/","title":{"rendered":"Motocicleta (Combinable con 605802) -183 pzas. | iM.Master"},"content":{"rendered":"<h4>\u00bfEres un nost\u00e1lgico de los coches retro pero a la vez te flipa la tecnolog\u00eda moderna? Estos veh\u00edculos de construcci\u00f3n DIY son perfectos para ti.\u00a0<\/h4>\n<h4><b>\u00bfPor qu\u00e9 nos encantan?<\/b><\/h4>\n<h4>Porque combinan estilo cl\u00e1sico y noderno.<\/h4>\n<h4>Porque puedes contruirlo t\u00fa mism@ o con amiguis.\u00a0<\/h4>\n<h4>Es un material <b>STEM <\/b>(Ciencia, Tecnolog\u00eda, Ingenieria y Matem\u00e1ticas) con el que jugar\u00e1s y aprender\u00e1s.\u00a0<\/h4>\n<h4>La calidad e sus piezas de construcci\u00f3n es \u00fanica.\u00a0<\/p>\n<p>Incluye 183 Piezas e instrucciones de montaje.<\/h4>\n<h4>Por su sistema <i>pull anb back<\/i> y el realismo de sus movimientos en algunos de sus modelos o el sistema teledirigido en otros.\u00a0<\/h4>\n<h4><b>\u00bfQu\u00e9 incluyen?<\/b><br \/><\/h4>\n<h4>183 piezas que se ensamblan con facilidad.\u00a0<\/h4>\n<h4>Instrucciones de montaje.<\/h4>\n<h4><b>Caracter\u00edsticas:<\/b><br \/><\/h4>\n<h4>Edad recomendada + 6 a\u00f1os<\/h4>\n<h4><\/h4>\n<h4><\/h4>\n<h4><\/h4>","protected":false},"excerpt":{"rendered":"<h4><\/h4>\n<h4>Te presentamos el &#034;Building Block Pull-Back Car&#034;, una combinaci\u00f3n de dise\u00f1o retro cl\u00e1sico y tecnolog\u00eda de vanguardia. Te encantar\u00e1 la funci\u00f3n <i>&#034;pull and back&#034;<\/i> de retroceso que le da realismo al movimiento del coche. \u00a1Cuidado que sale corriendo!<\/h4>\n<h4>Creado con tecnolog\u00eda de part\u00edculas de alta calidad y compacto, que aseguran la uni\u00f3n de las piezas de manera sencilla. Adem\u00e1s puedes combinarlo<span>\u00a0con 605802<\/span>\u00a0y disfrutar el doble creando un nuevo modelo in\u00e9dito.\u00a0\u200b<\/h4>\n<h4>Los veh\u00edculos de construcci\u00f3n de la marca iM.Master se diferencia del resto de cosi\u00f1as que encontrar\u00e1s en el mercado por ser un material STEM que generan una experiencia de construcci\u00f3n \u00fanica y realista.\u00a0<\/h4>\n<h4>+ 6 a\u00f1os.<\/h4>","protected":false},"featured_media":824,"comment_status":"open","ping_status":"closed","template":"","meta":[],"product_brand":[],"product_cat":[137,61,64,60],"product_tag":[],"class_list":{"0":"post-818","1":"product","2":"type-product","3":"status-publish","4":"has-post-thumbnail","6":"product_cat-10-anos","7":"product_cat-construccion","8":"product_cat-construccion-tecnica-mecanica-y-robotica","9":"product_cat-juguetes","10":"pa_marca-immaster","11":"pa_sa_color-color-unico","12":"pa_sa_tallas-talla-unica","14":"first","15":"outofstock","16":"shipping-taxable","17":"purchasable","18":"product-type-simple"},"_links":{"self":[{"href":"https:\/\/monpettito.articagency.net\/gl\/wp-json\/wp\/v2\/product\/818","targetHints":{"allow":["GET"]}}],"collection":[{"href":"https:\/\/monpettito.articagency.net\/gl\/wp-json\/wp\/v2\/product"}],"about":[{"href":"https:\/\/monpettito.articagency.net\/gl\/wp-json\/wp\/v2\/types\/product"}],"replies":[{"embeddable":true,"href":"https:\/\/monpettito.articagency.net\/gl\/wp-json\/wp\/v2\/comments?post=818"}],"wp:featuredmedia":[{"embeddable":true,"href":"https:\/\/monpettito.articagency.net\/gl\/wp-json\/wp\/v2\/media\/824"}],"wp:attachment":[{"href":"https:\/\/monpettito.articagency.net\/gl\/wp-json\/wp\/v2\/media?parent=818"}],"wp:term":[{"taxonomy":"product_brand","embeddable":true,"href":"https:\/\/monpettito.articagency.net\/gl\/wp-json\/wp\/v2\/product_brand?post=818"},{"taxonomy":"product_cat","embeddable":true,"href":"https:\/\/monpettito.articagency.net\/gl\/wp-json\/wp\/v2\/product_cat?post=818"},{"taxonomy":"product_tag","embeddable":true,"href":"https:\/\/monpettito.articagency.net\/gl\/wp-json\/wp\/v2\/product_tag?post=818"}],"curies":[{"name":"wp","href":"https:\/\/api.w.org\/{rel}","templated":true}]}}