{"id":438,"date":"2026-03-20T11:58:29","date_gmt":"2026-03-20T11:58:29","guid":{"rendered":"https:\/\/monpettito.articagency.net\/?page_id=438"},"modified":"2026-03-20T12:01:40","modified_gmt":"2026-03-20T12:01:40","slug":"accesibilidad","status":"publish","type":"page","link":"https:\/\/monpettito.articagency.net\/gl\/accesibilidad\/","title":{"rendered":"Accesibilidad"},"content":{"rendered":"\t\t<div data-elementor-type=\"wp-page\" data-elementor-id=\"438\" class=\"elementor elementor-438\" data-elementor-post-type=\"page\">\n\t\t\t\t<div class=\"elementor-element elementor-element-fe3bef4 e-flex e-con-boxed e-con e-parent\" data-id=\"fe3bef4\" data-element_type=\"container\" data-e-type=\"container\">\n\t\t\t\t\t<div class=\"e-con-inner\">\n\t\t\t\t<div class=\"elementor-element elementor-element-65a5d1a elementor-widget elementor-widget-heading\" data-id=\"65a5d1a\" data-element_type=\"widget\" data-e-type=\"widget\" data-widget_type=\"heading.default\">\n\t\t\t\t\t<h1 class=\"elementor-heading-title elementor-size-default\">Accesibilidad<\/h1>\t\t\t\t<\/div>\n\t\t\t\t<div class=\"elementor-element elementor-element-5716949 elementor-widget elementor-widget-text-editor\" data-id=\"5716949\" data-element_type=\"widget\" data-e-type=\"widget\" data-widget_type=\"text-editor.default\">\n\t\t\t\t\t\t\t\t\t<p>MON PETTIT \u00d3 se ha comprometido a hacer accesible su sitio web, de conformidad con la legislaci\u00f3n nacional por la que se traspone la Directiva (UE) 2016\/2102 del Parlamento Europeo y del Consejo.<br \/><br \/>La presente declaraci\u00f3n de accesibilidad se aplica al sitio web www.monpettito.com.<br \/><br \/><br \/><\/p><h2>SITUACI\u00d3N DE CUMPLIMIENTO<\/h2><p>Este sitio web es\u00a0<b>parcialmente conforme<\/b>\u00a0debido a las excepciones y a la falta de conformidad de los aspectos que se indican a continuaci\u00f3n.<br \/><br \/><br \/><\/p><h2>CONTENIDO NO ACCESIBLE<\/h2><p>El contenido que se recoge a continuaci\u00f3n no es accesible por lo siguiente:<br \/><br \/><\/p><ul><li>Podr\u00edan existir p\u00e1ginas con un incorrecto anidamiento de etiquetas HTML.<\/li><li>Existen documentos en formato PDF que no cumplen con la normativa.<\/li><li>Podr\u00edan existir fallos puntuales de edici\u00f3n en alguna p\u00e1gina web.<\/li><\/ul><p><br \/><br \/><\/p><h2>PREPARACI\u00d3N DE LA PRESENTE DECLARACI\u00d3N DE ACCESIBILIDAD<\/h2><p>La presente declaraci\u00f3n fue preparada en julio de 2023 por una autoevaluaci\u00f3n del equipo de accesibilidad.<br \/><br \/><br \/><\/p><h2>OBSERVACIONES Y DATOS DE CONTACTO<\/h2><p>Puede realizar comunicaciones sobre requisitos de accesibilidad como por ejemplo:<br \/><br \/><\/p><ul><li>Informar sobre cualquier posible incumplimiento por parte de este sitio web.<\/li><li>Transmitir otras dificultades de acceso al contenido.<\/li><li>Formular cualquier otra consulta o sugerencia de mejora relativa a la accesibilidad del sitio web a trav\u00e9s del formulario de contacto de este sitio web.<\/li><\/ul><p><br \/>Las comunicaciones ser\u00e1n recibidas y tratadas por MON PETTIT \u00d3.<br \/><br \/><br \/><\/p><h2>PROCEDIMIENTO DE APLICACI\u00d3N<\/h2><p>Se pondr\u00e1 en marcha un procedimiento de aplicaci\u00f3n adecuado y eficaz al que debe recurrirse en caso de que la respuesta a la comunicaci\u00f3n o a la solicitud sea insatisfactoria. [Pendiente]<br \/><br \/><br \/><\/p><h2>CONTENIDO OPCIONAL<\/h2><p>Este sitio web:<br \/><br \/><\/p><ul><li>Se ha dise\u00f1ado adapt\u00e1ndose a los est\u00e1ndares y normativas vigentes en relaci\u00f3n a la accesibilidad, cumpliendo con los puntos de verificaci\u00f3n de prioridad 2 (AA) definidos en la especificaci\u00f3n de Pautas de Accesibilidad al Contenido en la Web (WCAG 2.1).<\/li><li>Cumple con los requisitos de la Norma UNE-EN 301549 v1.1.2:2015, considerando las excepciones del Real Decreto 1112\/2018.<\/li><li>Est\u00e1 dise\u00f1ado para su correcta visualizaci\u00f3n en dispositivos de escritorio, tablet y m\u00f3viles para una resoluci\u00f3n m\u00ednima de 1280&#215;1024.<\/li><li>Se ha realizado utilizando HTML5 como lenguaje de marcado y hojas de estilo CSS 3 para su dise\u00f1o.Est\u00e1 dise\u00f1ado para su uso con javascript no intrusivo.<\/li><\/ul>\t\t\t\t\t\t\t\t<\/div>\n\t\t\t\t\t<\/div>\n\t\t\t\t<\/div>\n\t\t\t\t<\/div>\n\t\t","protected":false},"excerpt":{"rendered":"<p>Accesibilidad MON PETTIT \u00d3 se ha comprometido a hacer accesible su sitio web, de conformidad con la legislaci\u00f3n nacional por la que se traspone la Directiva (UE) 2016\/2102 del Parlamento Europeo y del Consejo. La presente declaraci\u00f3n de accesibilidad se aplica al sitio web www.monpettito.com. SITUACI\u00d3N DE CUMPLIMIENTO Este sitio web es\u00a0parcialmente conforme\u00a0debido a las [&hellip;]<\/p>\n","protected":false},"author":1,"featured_media":0,"parent":0,"menu_order":0,"comment_status":"closed","ping_status":"closed","template":"","meta":{"footnotes":""},"class_list":["post-438","page","type-page","status-publish","hentry"],"_links":{"self":[{"href":"https:\/\/monpettito.articagency.net\/gl\/wp-json\/wp\/v2\/pages\/438","targetHints":{"allow":["GET"]}}],"collection":[{"href":"https:\/\/monpettito.articagency.net\/gl\/wp-json\/wp\/v2\/pages"}],"about":[{"href":"https:\/\/monpettito.articagency.net\/gl\/wp-json\/wp\/v2\/types\/page"}],"author":[{"embeddable":true,"href":"https:\/\/monpettito.articagency.net\/gl\/wp-json\/wp\/v2\/users\/1"}],"replies":[{"embeddable":true,"href":"https:\/\/monpettito.articagency.net\/gl\/wp-json\/wp\/v2\/comments?post=438"}],"version-history":[{"count":7,"href":"https:\/\/monpettito.articagency.net\/gl\/wp-json\/wp\/v2\/pages\/438\/revisions"}],"predecessor-version":[{"id":445,"href":"https:\/\/monpettito.articagency.net\/gl\/wp-json\/wp\/v2\/pages\/438\/revisions\/445"}],"wp:attachment":[{"href":"https:\/\/monpettito.articagency.net\/gl\/wp-json\/wp\/v2\/media?parent=438"}],"curies":[{"name":"wp","href":"https:\/\/api.w.org\/{rel}","templated":true}]}}