{"id":605,"date":"2026-04-19T18:10:29","date_gmt":"2026-04-19T18:10:29","guid":{"rendered":"https:\/\/monpettito.articagency.net\/meli-maxi-200-piezas\/"},"modified":"2026-04-19T18:10:31","modified_gmt":"2026-04-19T18:10:31","slug":"meli-maxi-200-piezas","status":"publish","type":"product","link":"https:\/\/monpettito.articagency.net\/ca\/meli-maxi-200-piezas\/","title":{"rendered":"Meli Maxi 200 piezas"},"content":{"rendered":"","protected":false},"excerpt":{"rendered":"<p style=\"font-size: 13px\">Los Meli MAXI son las primeras piezas de construcci\u00f3n para tu peque. Ideales a partir de los 12 meses. De tama\u00f1o perfecto para sus peque\u00f1as manos curiosas.\u00a0<\/p>\n<p style=\"font-size: 13px\">Ofrecen much\u00edsimas posibilidades de juego, apilar, encajar, desarrollar motricidad fina, agrupar por colores, conteo,&#8230;\u00a0<\/p>\n<p style=\"font-size: 13px\">+ 12 meses<\/p>","protected":false},"featured_media":606,"comment_status":"open","ping_status":"closed","template":"","meta":[],"product_brand":[],"product_cat":[133,134,61,64,60],"product_tag":[171],"class_list":{"0":"post-605","1":"product","2":"type-product","3":"status-publish","4":"has-post-thumbnail","6":"product_cat-1-2-anos","7":"product_cat-2-4-anos","8":"product_cat-construccion","9":"product_cat-construccion-tecnica-mecanica-y-robotica","10":"product_cat-juguetes","11":"product_tag-12-18-meses-18-24-meses","12":"pa_marca-meli","13":"pa_sa_color-color-unico","14":"pa_sa_size-talla-unica","16":"first","17":"instock","18":"shipping-taxable","19":"purchasable","20":"product-type-simple"},"_links":{"self":[{"href":"https:\/\/monpettito.articagency.net\/ca\/wp-json\/wp\/v2\/product\/605","targetHints":{"allow":["GET"]}}],"collection":[{"href":"https:\/\/monpettito.articagency.net\/ca\/wp-json\/wp\/v2\/product"}],"about":[{"href":"https:\/\/monpettito.articagency.net\/ca\/wp-json\/wp\/v2\/types\/product"}],"replies":[{"embeddable":true,"href":"https:\/\/monpettito.articagency.net\/ca\/wp-json\/wp\/v2\/comments?post=605"}],"wp:featuredmedia":[{"embeddable":true,"href":"https:\/\/monpettito.articagency.net\/ca\/wp-json\/wp\/v2\/media\/606"}],"wp:attachment":[{"href":"https:\/\/monpettito.articagency.net\/ca\/wp-json\/wp\/v2\/media?parent=605"}],"wp:term":[{"taxonomy":"product_brand","embeddable":true,"href":"https:\/\/monpettito.articagency.net\/ca\/wp-json\/wp\/v2\/product_brand?post=605"},{"taxonomy":"product_cat","embeddable":true,"href":"https:\/\/monpettito.articagency.net\/ca\/wp-json\/wp\/v2\/product_cat?post=605"},{"taxonomy":"product_tag","embeddable":true,"href":"https:\/\/monpettito.articagency.net\/ca\/wp-json\/wp\/v2\/product_tag?post=605"}],"curies":[{"name":"wp","href":"https:\/\/api.w.org\/{rel}","templated":true}]}}