{"id":1246,"date":"2026-04-21T17:41:59","date_gmt":"2026-04-21T17:41:59","guid":{"rendered":"https:\/\/monpettito.articagency.net\/dishes-grapat\/"},"modified":"2026-05-01T17:31:12","modified_gmt":"2026-05-01T17:31:12","slug":"dishes-grapat","status":"publish","type":"product","link":"https:\/\/monpettito.articagency.net\/ca\/dishes-grapat\/","title":{"rendered":"Dishes &#8211; Grapat"},"content":{"rendered":"","protected":false},"excerpt":{"rendered":"<h5><\/h5>\n<h5><\/h5>\n<h5><\/h5>\n<h5><\/h5>\n<h5><\/h5>\n<h5><\/h5>\n<h5><\/h5>\n<h5>Platos peque\u00f1os, historias infinitas. Estos platos de madera est\u00e1n hechos para guardar tus tesoros favoritos, ya sea un mont\u00f3n de bayas, una colecci\u00f3n de formas coloridas o un refrigerio especial para un juguete querido. Perfectos para poner la mesa, fomentar el juego simb\u00f3lico o crear nuevos rituales, estos peque\u00f1os platos convierten los momentos cotidianos en algo verdaderamente memorable.<\/h5>\n<h5>Incluye: 6 platos de 60 mm de di\u00e1metro.<\/h5>\n<p><span >EDAD:\u00a0\u00a0<\/span><span >+36 MESES<\/span><span >\u200b<\/span><\/p>\n<p><\/p>\n<h5><\/h5>\n<p>\u200b<\/p>\n<p><\/p>\n<h5><\/h5>\n<h5>\u200b<\/h5>\n<h5><\/h5>\n<h5><\/h5>\n<h5>\u200b<\/h5>\n<h5><\/h5>","protected":false},"featured_media":1252,"comment_status":"open","ping_status":"closed","template":"","meta":[],"product_brand":[],"product_cat":[134,135,61,60,65],"product_tag":[186],"class_list":{"0":"post-1246","1":"product","2":"type-product","3":"status-publish","4":"has-post-thumbnail","6":"product_cat-2-4-anos","7":"product_cat-4-6-anos","8":"product_cat-construccion","9":"product_cat-juguetes","10":"product_cat-piezas-sueltas","11":"product_tag-6-12-meses","12":"pa_marca-grapat","13":"pa_sa_color-color-unico","14":"pa_sa_size-talla-unica","16":"first","17":"instock","18":"shipping-taxable","19":"product-type-variable"},"_links":{"self":[{"href":"https:\/\/monpettito.articagency.net\/ca\/wp-json\/wp\/v2\/product\/1246","targetHints":{"allow":["GET"]}}],"collection":[{"href":"https:\/\/monpettito.articagency.net\/ca\/wp-json\/wp\/v2\/product"}],"about":[{"href":"https:\/\/monpettito.articagency.net\/ca\/wp-json\/wp\/v2\/types\/product"}],"replies":[{"embeddable":true,"href":"https:\/\/monpettito.articagency.net\/ca\/wp-json\/wp\/v2\/comments?post=1246"}],"wp:featuredmedia":[{"embeddable":true,"href":"https:\/\/monpettito.articagency.net\/ca\/wp-json\/wp\/v2\/media\/1252"}],"wp:attachment":[{"href":"https:\/\/monpettito.articagency.net\/ca\/wp-json\/wp\/v2\/media?parent=1246"}],"wp:term":[{"taxonomy":"product_brand","embeddable":true,"href":"https:\/\/monpettito.articagency.net\/ca\/wp-json\/wp\/v2\/product_brand?post=1246"},{"taxonomy":"product_cat","embeddable":true,"href":"https:\/\/monpettito.articagency.net\/ca\/wp-json\/wp\/v2\/product_cat?post=1246"},{"taxonomy":"product_tag","embeddable":true,"href":"https:\/\/monpettito.articagency.net\/ca\/wp-json\/wp\/v2\/product_tag?post=1246"}],"curies":[{"name":"wp","href":"https:\/\/api.w.org\/{rel}","templated":true}]}}