{"id":1238,"date":"2026-04-21T17:41:52","date_gmt":"2026-04-21T17:41:52","guid":{"rendered":"https:\/\/monpettito.articagency.net\/fruits-grapat\/"},"modified":"2026-05-01T17:31:12","modified_gmt":"2026-05-01T17:31:12","slug":"fruits-grapat","status":"publish","type":"product","link":"https:\/\/monpettito.articagency.net\/ca\/fruits-grapat\/","title":{"rendered":"Fruits &#8211; Grapat"},"content":{"rendered":"","protected":false},"excerpt":{"rendered":"<h5><\/h5>\n<h5><\/h5>\n<h5><\/h5>\n<h5><\/h5>\n<h5><\/h5>\n<h5><\/h5>\n<h5><\/h5>\n<h5>\u00bfAlguna vez has probado los colores del arco\u00edris? Estas frutas de madera pintadas a mano invitan a los ni\u00f1os a explorar un mundo colorido lleno de formas brillantes y colores vibrantes. Desde bayas regordetas hasta c\u00edtricos, cada pieza inspira a recoger, compartir y mezclar, fomentando el juego simb\u00f3lico y el juego libre.<\/h5>\n<h5>Incluye: 12 piezas de diversas formas con alturas que van desde los 18 mm hasta los 38 mm<\/h5>\n<p><span style=\"font-size: 1.3rem;\">EDAD:\u00a0\u00a0<\/span><span style=\"font-size: 1.3rem;\">+36 MESES<\/span><span style=\"font-size: 1.3rem;\">\u200b<\/span><\/p>\n<p><\/p>\n<h5><\/h5>\n<p>\u200b<\/p>\n<p><\/p>\n<h5><\/h5>\n<h5>\u200b<\/h5>\n<h5><\/h5>\n<h5><\/h5>\n<h5>\u200b<\/h5>\n<h5><\/h5>","protected":false},"featured_media":1244,"comment_status":"open","ping_status":"closed","template":"","meta":[],"product_brand":[],"product_cat":[134,135,136,61,66,60,73,65],"product_tag":[186],"class_list":{"0":"post-1238","1":"product","2":"type-product","3":"status-publish","4":"has-post-thumbnail","6":"product_cat-2-4-anos","7":"product_cat-4-6-anos","8":"product_cat-6-8-anos","9":"product_cat-construccion","10":"product_cat-juego-simbolico","11":"product_cat-juguetes","12":"product_cat-minimundos","13":"product_cat-piezas-sueltas","14":"product_tag-6-12-meses","15":"pa_marca-grapat","16":"pa_sa_color-color-unico","17":"pa_sa_size-talla-unica","19":"first","20":"outofstock","21":"shipping-taxable","22":"product-type-variable"},"_links":{"self":[{"href":"https:\/\/monpettito.articagency.net\/ca\/wp-json\/wp\/v2\/product\/1238","targetHints":{"allow":["GET"]}}],"collection":[{"href":"https:\/\/monpettito.articagency.net\/ca\/wp-json\/wp\/v2\/product"}],"about":[{"href":"https:\/\/monpettito.articagency.net\/ca\/wp-json\/wp\/v2\/types\/product"}],"replies":[{"embeddable":true,"href":"https:\/\/monpettito.articagency.net\/ca\/wp-json\/wp\/v2\/comments?post=1238"}],"wp:featuredmedia":[{"embeddable":true,"href":"https:\/\/monpettito.articagency.net\/ca\/wp-json\/wp\/v2\/media\/1244"}],"wp:attachment":[{"href":"https:\/\/monpettito.articagency.net\/ca\/wp-json\/wp\/v2\/media?parent=1238"}],"wp:term":[{"taxonomy":"product_brand","embeddable":true,"href":"https:\/\/monpettito.articagency.net\/ca\/wp-json\/wp\/v2\/product_brand?post=1238"},{"taxonomy":"product_cat","embeddable":true,"href":"https:\/\/monpettito.articagency.net\/ca\/wp-json\/wp\/v2\/product_cat?post=1238"},{"taxonomy":"product_tag","embeddable":true,"href":"https:\/\/monpettito.articagency.net\/ca\/wp-json\/wp\/v2\/product_tag?post=1238"}],"curies":[{"name":"wp","href":"https:\/\/api.w.org\/{rel}","templated":true}]}}