{"id":1202,"date":"2026-04-21T17:41:18","date_gmt":"2026-04-21T17:41:18","guid":{"rendered":"https:\/\/monpettito.articagency.net\/chill-pink-bird-grapat\/"},"modified":"2026-05-01T17:31:12","modified_gmt":"2026-05-01T17:31:12","slug":"chill-pink-bird-grapat","status":"publish","type":"product","link":"https:\/\/monpettito.articagency.net\/ca\/chill-pink-bird-grapat\/","title":{"rendered":"CHILL PINK BIRD &#8211; Grapat"},"content":{"rendered":"","protected":false},"excerpt":{"rendered":"<h5><\/h5>\n<h5><\/h5>\n<h5><\/h5>\n<h5><\/h5>\n<h5><\/h5>\n<h5>\u00a1Tomemos vuelo con nuestro vibrante p\u00e1jaro rosa! Con sus impresionantes plumas rosas y sus alas brillantes y juguetonas, este peque\u00f1o volador est\u00e1 listo para girar y rodar. Observa c\u00f3mo gira, se lanza en picado y se acerca para sacar sonrisas y emoci\u00f3n a las manos m\u00e1s peque\u00f1as. \u00a1Colecciona los tres y deja que tus amigos emplumados tomen vuelo!<\/h5>\n<h5>Contiene: 1 p\u00e1jaro de 72mm \u00f8, 98mm de alto.<\/h5>\n<p>\u200b<\/p>\n<p><\/p>\n<h5><\/h5>\n<h5>\u200b<\/h5>\n<h5><\/h5>\n<h5><\/h5>\n<h5>\u200b<\/h5>\n<h5><\/h5>","protected":false},"featured_media":1207,"comment_status":"open","ping_status":"closed","template":"","meta":[],"product_brand":[],"product_cat":[133,134,135,132,110,61,60,65],"product_tag":[186],"class_list":{"0":"post-1202","1":"product","2":"type-product","3":"status-publish","4":"has-post-thumbnail","6":"product_cat-1-2-anos","7":"product_cat-2-4-anos","8":"product_cat-4-6-anos","9":"product_cat-6-12-meses","10":"product_cat-cesto-de-los-tesoros","11":"product_cat-construccion","12":"product_cat-juguetes","13":"product_cat-piezas-sueltas","14":"product_tag-6-12-meses","15":"pa_marca-grapat","16":"pa_sa_color-color-unico","17":"pa_sa_size-talla-unica","19":"first","20":"instock","21":"shipping-taxable","22":"product-type-variable"},"_links":{"self":[{"href":"https:\/\/monpettito.articagency.net\/ca\/wp-json\/wp\/v2\/product\/1202","targetHints":{"allow":["GET"]}}],"collection":[{"href":"https:\/\/monpettito.articagency.net\/ca\/wp-json\/wp\/v2\/product"}],"about":[{"href":"https:\/\/monpettito.articagency.net\/ca\/wp-json\/wp\/v2\/types\/product"}],"replies":[{"embeddable":true,"href":"https:\/\/monpettito.articagency.net\/ca\/wp-json\/wp\/v2\/comments?post=1202"}],"wp:featuredmedia":[{"embeddable":true,"href":"https:\/\/monpettito.articagency.net\/ca\/wp-json\/wp\/v2\/media\/1207"}],"wp:attachment":[{"href":"https:\/\/monpettito.articagency.net\/ca\/wp-json\/wp\/v2\/media?parent=1202"}],"wp:term":[{"taxonomy":"product_brand","embeddable":true,"href":"https:\/\/monpettito.articagency.net\/ca\/wp-json\/wp\/v2\/product_brand?post=1202"},{"taxonomy":"product_cat","embeddable":true,"href":"https:\/\/monpettito.articagency.net\/ca\/wp-json\/wp\/v2\/product_cat?post=1202"},{"taxonomy":"product_tag","embeddable":true,"href":"https:\/\/monpettito.articagency.net\/ca\/wp-json\/wp\/v2\/product_tag?post=1202"}],"curies":[{"name":"wp","href":"https:\/\/api.w.org\/{rel}","templated":true}]}}